{"id":42,"date":"2021-06-07T15:37:54","date_gmt":"2021-06-07T12:37:54","guid":{"rendered":"http:\/\/ourculture.codeisloading.com\/?page_id=42"},"modified":"2021-06-16T22:58:06","modified_gmt":"2021-06-16T19:58:06","slug":"portugals-food","status":"publish","type":"page","link":"http:\/\/ourculture.codeisloading.com\/index.php\/portugals-food\/","title":{"rendered":"Portugal&#8217;s Food"},"content":{"rendered":"\n<p><strong>Vinho do Porto<\/strong> is one of the best wines of Portugal.<\/p>\n\n\n\n<figure class=\"wp-block-image\"><img decoding=\"async\" src=\"https:\/\/cdn.discordapp.com\/attachments\/847151930383269948\/853630866127323156\/36cqNtHcOKi0TAg21en6NQzJ0AAA.png\" alt=\"\"\/><\/figure>\n\n\n\n<p>The &#8220;discovery&#8221; of port wine is controversial. One of the versions, defended by producers in England, states that the origin dates back to the 17th century, when British merchants added brandy to wine from the Douro region to prevent it from going sour.<\/p>\n\n\n\n<p><\/p>\n\n\n\n<p><strong>Pastel de Belem<\/strong> have a secret recipe of the Pastel de Belem and just a few peaple know the recipe for it.<\/p>\n\n\n\n<figure class=\"wp-block-image\"><img decoding=\"async\" src=\"https:\/\/cdn.discordapp.com\/attachments\/847151930383269948\/853631529497395240\/csAIeI7BOhXAdjAYgbJTTdq2rjnaUa84MrCv0Xl74fOAQAAA.png\" alt=\"\"\/><\/figure>\n\n\n\n<p>In 1837, they started the production of Past\u00e9is de Bel\u00e9m, according to an old recipe from the Mosteiro dos Jer\u00f3nimos that is daily reborn in our factory using the same artisanal processes. Past\u00e9is de Bel\u00e9m provide the taste of ancient Portuguese sweets today.<\/p>\n\n\n\n<h3 class=\"wp-block-heading\"><strong>Bacalhau \u00e0 Lagareiro&nbsp;<\/strong><\/h3>\n\n\n\n<figure class=\"wp-block-image\"><img decoding=\"async\" src=\"https:\/\/lh5.googleusercontent.com\/G6uxL9ZMgObfmrnG3rbCFpK8uRo7OhOeZEOk3xZTWp3ZW2E_eWg7jx-diRfXwUseHFhnH-YIwsAca8d3kl58Q91awvAIe-588zDnhgbpj8eM28QLQSWHmxFfwe5lLbAzM-QAS9Ff\" alt=\"\"\/><\/figure>\n\n\n\n<p>I recommend ordering the most common and traditional cod, which is roasted in slices and served with potatoes, onion and garlic, washed down with a lot of oil.<\/p>\n\n\n\n<h3 class=\"wp-block-heading\"><strong>Salada de Polvo \u00e0 moda Portuguesa<\/strong><\/h3>\n\n\n\n<figure class=\"wp-block-image\"><img decoding=\"async\" src=\"https:\/\/lh5.googleusercontent.com\/UzgBMJ2um6LRrIaBHGPV5sZP5RbuCsbTjjiF3i5waSViXn0CpkeJFD6HpJJ9I-U-yyELmoJhdXu2KI3ZtSeGpaaqGeCkSXyn61Mwc2sjx9cJCMKMIo6rnHD96boaFnmr8t-fjBfK\" alt=\"\"\/><\/figure>\n\n\n\n<p>The Portuguese-style octopus salad includes pepper, onion, tomato and parsley. The chopped octopus must be cooked in water, vinegar and salt. White wine adds a special touch.<\/p>\n\n\n\n<p><strong>Bifana \u2013 A typical and succulent pub sandwich<\/strong><\/p>\n\n\n\n<figure class=\"wp-block-image\"><img decoding=\"async\" src=\"https:\/\/lh6.googleusercontent.com\/oSLaAXXDlc3g4S3FSf6FVKdeADB5IbrZvo3WHj_os4w7Uc3OauOoFHR2aQ_B-3JoRQp5_ijgY6_C3T6cA1Z4j3AUfP6A-5QMQB1TOXu3WtYKvXZp4khf-po2Rk_oXrsR2-x-KNd7\" alt=\"\"\/><\/figure>\n\n\n\n<p>Created in Vendas Novas, in the \u00c9vora district, this sandwich became popular in religious festivals throughout Portugal. Basically, it&#8217;s bread stuffed with fiber and pork muscles cooked with garlic, wine and other spices. As much as it seems an exotic dish, the result is a smooth sandwich, with soft meat and very tasty.<\/p>\n\n\n\n<h3 class=\"wp-block-heading\"><strong>Francesinha \u2013 The super filled sandwich<\/strong><\/h3>\n\n\n\n<figure class=\"wp-block-image\"><img decoding=\"async\" src=\"https:\/\/lh3.googleusercontent.com\/17qdR3KsShF9mp-yCmhd3TsWcWDY2RM-J1Tnm0fHKV1DtvqxaRImQdKwZ6WRtNcV1aGzZB_IDj5pwZm7kWNzO8ryS8IzydO43Uy9riBUzELoyGZA5HHBP9bw_3UjlU7f6XBxSYlA\" alt=\"\"\/><\/figure>\n\n\n\n<p>Inspired by the \u201ccroque monsieur\u201d from France, this Portuguese version of the hot-mix, created in Porto, is very well served. Stuffed various types of meat, such as sausage, beef and or sausage, is covered with cheese and egg. A hot peppery sauce, served on the side, is tossed on top, melting the cheese. Burning and heartburn guaranteed for some, but for others, one of the most delicious typical foods in Portugal.<\/p>\n\n\n\n<p><strong>Alheira \u2013 The Portuguese sausage in a horseshoe shape<\/strong><\/p>\n\n\n\n<figure class=\"wp-block-image\"><img decoding=\"async\" src=\"https:\/\/lh5.googleusercontent.com\/raolIjNw5VPPXDfearfzzyb7zo5Mrdh7v6qrnidQQPMwkDFqZFjq66AU2Cxt68YPAhwrx14ZItkPL6yYvKMYdwy6NHuVDwfBwsRGWMfiKmhKYkCDPJzdEJvDViylywAXSOxl3xmC\" alt=\"\"\/><\/figure>\n\n\n\n<p>Probably raised in the interior of Portugal by Jewish fugitives from Spain. In order not to be burned by the inquisition of the Catholic Church, they created this sausage with a chorizo \u200b\u200blook, but without pork, which is prohibited in the Jewish religion. It has this name because it also contains a lot of garlic.<\/p>\n\n\n\n<p>Queijada \u2013 Another sweet that is not a dessert<br><img decoding=\"async\" loading=\"lazy\" src=\"https:\/\/lh5.googleusercontent.com\/lBE9DeDG31P99IQ_3kxz73-HrTHSaahBq6GeLbY3cZyW4cpXUF0c8mubc7T7Se3V-ac0S68_Ux7A9YzfcTqEfXpMHI28aNSdyrA4Q7-g-KxMaksMhl67Qtq5OikwuKQXD_R8Pnqf\" width=\"490\" height=\"370\"><\/p>\n\n\n\n<p>Also in the form of an empadinha, the queijada is much older, probably created in the 12th century, before the arrival of the Portuguese in Brazil. Several regions of Portugal have cheesecakes, but without a doubt the most traditional is Sintra. The main ingredient, as the name reveals, is cheese. But they also take sugar, eggs, flour and cinnamon.<\/p>\n","protected":false},"excerpt":{"rendered":"<p>Vinho do Porto is one of the best wines of Portugal. The &#8220;discovery&#8221; of port wine is controversial. One of the versions, defended by producers [&hellip;] <span class=\"read-more-link\"><a class=\"read-more\" href=\"http:\/\/ourculture.codeisloading.com\/index.php\/portugals-food\/\">Read More<\/a><\/span><\/p>\n","protected":false},"author":2,"featured_media":0,"parent":0,"menu_order":0,"comment_status":"closed","ping_status":"closed","template":"","meta":[],"_links":{"self":[{"href":"http:\/\/ourculture.codeisloading.com\/index.php\/wp-json\/wp\/v2\/pages\/42"}],"collection":[{"href":"http:\/\/ourculture.codeisloading.com\/index.php\/wp-json\/wp\/v2\/pages"}],"about":[{"href":"http:\/\/ourculture.codeisloading.com\/index.php\/wp-json\/wp\/v2\/types\/page"}],"author":[{"embeddable":true,"href":"http:\/\/ourculture.codeisloading.com\/index.php\/wp-json\/wp\/v2\/users\/2"}],"replies":[{"embeddable":true,"href":"http:\/\/ourculture.codeisloading.com\/index.php\/wp-json\/wp\/v2\/comments?post=42"}],"version-history":[{"count":6,"href":"http:\/\/ourculture.codeisloading.com\/index.php\/wp-json\/wp\/v2\/pages\/42\/revisions"}],"predecessor-version":[{"id":168,"href":"http:\/\/ourculture.codeisloading.com\/index.php\/wp-json\/wp\/v2\/pages\/42\/revisions\/168"}],"wp:attachment":[{"href":"http:\/\/ourculture.codeisloading.com\/index.php\/wp-json\/wp\/v2\/media?parent=42"}],"curies":[{"name":"wp","href":"https:\/\/api.w.org\/{rel}","templated":true}]}}