{"id":36,"date":"2021-06-07T15:37:24","date_gmt":"2021-06-07T12:37:24","guid":{"rendered":"http:\/\/ourculture.codeisloading.com\/?page_id=36"},"modified":"2021-06-09T13:38:28","modified_gmt":"2021-06-09T10:38:28","slug":"hungarys-food","status":"publish","type":"page","link":"http:\/\/ourculture.codeisloading.com\/index.php\/hungarys-food\/","title":{"rendered":"Hungary&#8217;s Food"},"content":{"rendered":"\n<p>Hungary has a lot of exqusite and rather spicy food. I brought some examples here. <\/p>\n\n\n\n<p><strong>Goulash<\/strong><\/p>\n\n\n\n<p><strong>Goulash<\/strong> is a\u00a0soup\u00a0or\u00a0stew\u00a0of\u00a0meat\u00a0and vegetables<a href=\"https:\/\/en.wikipedia.org\/wiki\/Vegetable\"> <\/a>\u00a0seasoned with\u00a0paprika and other spices.\u00a0Originating in\u00a0Hungary, goulash is a common meal predominantly eaten in\u00a0Central Europe\u00a0but also in other parts of Europe. It is one of the national dishes of<a href=\"https:\/\/en.wikipedia.org\/wiki\/Hungary\"> <\/a>\u00a0Hungary and a symbol of the country.<\/p>\n\n\n\n<figure class=\"wp-block-image size-large is-resized\"><img decoding=\"async\" loading=\"lazy\" src=\"http:\/\/ourculture.codeisloading.com\/wp-content\/uploads\/2021\/06\/goulash.jpg\" alt=\"\" class=\"wp-image-76\" width=\"534\" height=\"534\" srcset=\"http:\/\/ourculture.codeisloading.com\/wp-content\/uploads\/2021\/06\/goulash.jpg 500w, http:\/\/ourculture.codeisloading.com\/wp-content\/uploads\/2021\/06\/goulash-300x300.jpg 300w, http:\/\/ourculture.codeisloading.com\/wp-content\/uploads\/2021\/06\/goulash-150x150.jpg 150w\" sizes=\"(max-width: 534px) 100vw, 534px\" \/><\/figure>\n\n\n\n<p><strong>Paprik\u00e1s<\/strong><\/p>\n\n\n\n<p><strong>Paprik\u00e1s<\/strong> is made from a variety of meat. Chicken, pork or calf could also make the base of this meaty stew. The basic stew is combined with tejf\u00f6l and seasoned with paprika and that&#8217;s what makes it paprik\u00e1s. Usually eaten with pasta or nokedli it&#8217;s one of Hungary&#8217;s favorite  main dishes.<\/p>\n\n\n\n<figure class=\"wp-block-image size-large\"><img decoding=\"async\" loading=\"lazy\" width=\"250\" height=\"248\" src=\"http:\/\/ourculture.codeisloading.com\/wp-content\/uploads\/2021\/06\/paprikas.jpg\" alt=\"\" class=\"wp-image-77\" srcset=\"http:\/\/ourculture.codeisloading.com\/wp-content\/uploads\/2021\/06\/paprikas.jpg 250w, http:\/\/ourculture.codeisloading.com\/wp-content\/uploads\/2021\/06\/paprikas-150x150.jpg 150w\" sizes=\"(max-width: 250px) 100vw, 250px\" \/><\/figure>\n\n\n\n<p><strong>Tejf\u00f6l &amp; T\u00far\u00f3<\/strong><\/p>\n\n\n\n<p><strong>Tejf\u00f6l<\/strong> is a dairy product made here in Hungary. Akin to sour cream it is a half solid cream with a sour taste. Tejf\u00f6l is used for most of our national dishes and used to flavor our salty dishes. <\/p>\n\n\n\n<p><strong>T\u00far\u00f3 <\/strong>is unique to Hungary. You might find Tejf\u00f6l in our neighbouring countries, you will only find t\u00far\u00f3 here in Hungary. T\u00far\u00f3 is a solid dairy product use for everything. Combined with sugar, it can make a base for cakes and desserts. In itself it&#8217;s the main part of one of our national dishes called t\u00far\u00f3s t\u00e9szta. <\/p>\n\n\n\n<figure class=\"wp-block-image size-large\"><img decoding=\"async\" loading=\"lazy\" width=\"225\" height=\"225\" src=\"http:\/\/ourculture.codeisloading.com\/wp-content\/uploads\/2021\/06\/tejfol.jpg\" alt=\"\" class=\"wp-image-78\" srcset=\"http:\/\/ourculture.codeisloading.com\/wp-content\/uploads\/2021\/06\/tejfol.jpg 225w, http:\/\/ourculture.codeisloading.com\/wp-content\/uploads\/2021\/06\/tejfol-150x150.jpg 150w\" sizes=\"(max-width: 225px) 100vw, 225px\" \/><\/figure>\n\n\n\n<p><strong>T\u00far\u00f3 rudi<\/strong><\/p>\n\n\n\n<p>Hungary&#8217;s favorite dessert.  Made firstly in 1954 since it became a beloved dessert for children and adults.<\/p>\n\n\n\n<figure class=\"wp-block-image size-large\"><img decoding=\"async\" loading=\"lazy\" width=\"645\" height=\"430\" src=\"http:\/\/ourculture.codeisloading.com\/wp-content\/uploads\/2021\/06\/20121113-turo-rudi-turo-rudit-csomagolnak3.jpg\" alt=\"\" class=\"wp-image-75\" srcset=\"http:\/\/ourculture.codeisloading.com\/wp-content\/uploads\/2021\/06\/20121113-turo-rudi-turo-rudit-csomagolnak3.jpg 645w, http:\/\/ourculture.codeisloading.com\/wp-content\/uploads\/2021\/06\/20121113-turo-rudi-turo-rudit-csomagolnak3-300x200.jpg 300w\" sizes=\"(max-width: 645px) 100vw, 645px\" \/><\/figure>\n","protected":false},"excerpt":{"rendered":"<p>Hungary has a lot of exqusite and rather spicy food. I brought some examples here. Goulash Goulash is a\u00a0soup\u00a0or\u00a0stew\u00a0of\u00a0meat\u00a0and vegetables \u00a0seasoned with\u00a0paprika and other spices.\u00a0Originating [&hellip;] <span class=\"read-more-link\"><a class=\"read-more\" href=\"http:\/\/ourculture.codeisloading.com\/index.php\/hungarys-food\/\">Read More<\/a><\/span><\/p>\n","protected":false},"author":2,"featured_media":0,"parent":0,"menu_order":0,"comment_status":"closed","ping_status":"closed","template":"","meta":[],"_links":{"self":[{"href":"http:\/\/ourculture.codeisloading.com\/index.php\/wp-json\/wp\/v2\/pages\/36"}],"collection":[{"href":"http:\/\/ourculture.codeisloading.com\/index.php\/wp-json\/wp\/v2\/pages"}],"about":[{"href":"http:\/\/ourculture.codeisloading.com\/index.php\/wp-json\/wp\/v2\/types\/page"}],"author":[{"embeddable":true,"href":"http:\/\/ourculture.codeisloading.com\/index.php\/wp-json\/wp\/v2\/users\/2"}],"replies":[{"embeddable":true,"href":"http:\/\/ourculture.codeisloading.com\/index.php\/wp-json\/wp\/v2\/comments?post=36"}],"version-history":[{"count":3,"href":"http:\/\/ourculture.codeisloading.com\/index.php\/wp-json\/wp\/v2\/pages\/36\/revisions"}],"predecessor-version":[{"id":126,"href":"http:\/\/ourculture.codeisloading.com\/index.php\/wp-json\/wp\/v2\/pages\/36\/revisions\/126"}],"wp:attachment":[{"href":"http:\/\/ourculture.codeisloading.com\/index.php\/wp-json\/wp\/v2\/media?parent=36"}],"curies":[{"name":"wp","href":"https:\/\/api.w.org\/{rel}","templated":true}]}}