{"id":30,"date":"2021-06-07T15:36:39","date_gmt":"2021-06-07T12:36:39","guid":{"rendered":"http:\/\/ourculture.codeisloading.com\/?page_id=30"},"modified":"2021-06-09T14:03:31","modified_gmt":"2021-06-09T11:03:31","slug":"hungarys-culture","status":"publish","type":"page","link":"http:\/\/ourculture.codeisloading.com\/index.php\/hungarys-culture\/","title":{"rendered":"Hungary&#8217;s Culture"},"content":{"rendered":"\n<p>I brought some interesting traditions from Hungary. <\/p>\n\n\n\n<p><strong>Bus\u00f3j\u00e1r\u00e1s<\/strong><\/p>\n\n\n\n<p>Bus\u00f3j\u00e1r\u00e1s is a Hungarian carneval held before the Sunday of Farsang. It features men dressed in customs called Bus\u00f3&#8217;s. They are men dressed in sheep hide trying to &#8220;scare&#8221; the winter away. <\/p>\n\n\n\n<figure class=\"wp-block-image size-large\"><img decoding=\"async\" loading=\"lazy\" width=\"800\" height=\"600\" src=\"http:\/\/ourculture.codeisloading.com\/wp-content\/uploads\/2021\/06\/png.jpg\" alt=\"\" class=\"wp-image-81\" srcset=\"http:\/\/ourculture.codeisloading.com\/wp-content\/uploads\/2021\/06\/png.jpg 800w, http:\/\/ourculture.codeisloading.com\/wp-content\/uploads\/2021\/06\/png-300x225.jpg 300w, http:\/\/ourculture.codeisloading.com\/wp-content\/uploads\/2021\/06\/png-768x576.jpg 768w\" sizes=\"(max-width: 800px) 100vw, 800px\" \/><\/figure>\n\n\n\n<p><strong>Kiszehajt\u00e1s<\/strong><\/p>\n\n\n\n<p>Kiszehajt\u00e1s is another tradition to chase away winter. Local folk make a puppet from hay and dress it up to be the Kisze. After that they parade the Kisze along the village and burn it in the end. This symbolises burning winter and welcoming spring.<\/p>\n\n\n\n<figure class=\"wp-block-image size-large\"><img decoding=\"async\" loading=\"lazy\" width=\"400\" height=\"588\" src=\"http:\/\/ourculture.codeisloading.com\/wp-content\/uploads\/2021\/06\/kisze.jpg\" alt=\"\" class=\"wp-image-84\" srcset=\"http:\/\/ourculture.codeisloading.com\/wp-content\/uploads\/2021\/06\/kisze.jpg 400w, http:\/\/ourculture.codeisloading.com\/wp-content\/uploads\/2021\/06\/kisze-204x300.jpg 204w\" sizes=\"(max-width: 400px) 100vw, 400px\" \/><\/figure>\n\n\n\n<p><\/p>\n","protected":false},"excerpt":{"rendered":"<p>I brought some interesting traditions from Hungary. Bus\u00f3j\u00e1r\u00e1s Bus\u00f3j\u00e1r\u00e1s is a Hungarian carneval held before the Sunday of Farsang. It features men dressed in customs [&hellip;] <span class=\"read-more-link\"><a class=\"read-more\" href=\"http:\/\/ourculture.codeisloading.com\/index.php\/hungarys-culture\/\">Read More<\/a><\/span><\/p>\n","protected":false},"author":2,"featured_media":0,"parent":0,"menu_order":0,"comment_status":"closed","ping_status":"closed","template":"","meta":[],"_links":{"self":[{"href":"http:\/\/ourculture.codeisloading.com\/index.php\/wp-json\/wp\/v2\/pages\/30"}],"collection":[{"href":"http:\/\/ourculture.codeisloading.com\/index.php\/wp-json\/wp\/v2\/pages"}],"about":[{"href":"http:\/\/ourculture.codeisloading.com\/index.php\/wp-json\/wp\/v2\/types\/page"}],"author":[{"embeddable":true,"href":"http:\/\/ourculture.codeisloading.com\/index.php\/wp-json\/wp\/v2\/users\/2"}],"replies":[{"embeddable":true,"href":"http:\/\/ourculture.codeisloading.com\/index.php\/wp-json\/wp\/v2\/comments?post=30"}],"version-history":[{"count":5,"href":"http:\/\/ourculture.codeisloading.com\/index.php\/wp-json\/wp\/v2\/pages\/30\/revisions"}],"predecessor-version":[{"id":86,"href":"http:\/\/ourculture.codeisloading.com\/index.php\/wp-json\/wp\/v2\/pages\/30\/revisions\/86"}],"wp:attachment":[{"href":"http:\/\/ourculture.codeisloading.com\/index.php\/wp-json\/wp\/v2\/media?parent=30"}],"curies":[{"name":"wp","href":"https:\/\/api.w.org\/{rel}","templated":true}]}}